{"id":69,"date":"2020-07-22T13:50:15","date_gmt":"2020-07-22T11:50:15","guid":{"rendered":"http:\/\/212.227.213.81\/?page_id=69"},"modified":"2020-07-26T17:04:43","modified_gmt":"2020-07-26T15:04:43","slug":"impressum","status":"publish","type":"page","link":"https:\/\/www.pferdepraxis-wedemark.de\/index.php\/impressum\/","title":{"rendered":"Impressum"},"content":{"rendered":"\n<figure class=\"wp-block-table\"><table class=\"has-fixed-layout\"><tbody><tr><td><strong>Impressum<\/strong><br><br>Tier\u00e4rztliche Gemeinschaftspraxis f\u00fcr Pferde Wedemark<br>&nbsp;<br>Lange Loh 15<br>30900 Wedemark<br>&nbsp;<br>Fax: 04168 9198501<br>&nbsp;<br>E-Mail :&nbsp;<a href=\"mailto:info@pferdepraxis-wedemark.de\">info@pferdepraxis-wedemark.de<\/a><br>Internet:&nbsp;<a href=\"https:\/\/www.pferdepraxis-wedemark.de\/\">www.pferdepraxis-wedemark.de<\/a><br>&nbsp;<br>USt-IdNr.: 16\/234\/64800<br>&nbsp;<br><strong>Berufsbezeichnung:<\/strong><br>Tierarzt, Tier\u00e4rztin<br>Alle Tier\u00e4rzte in Deutschland approbiert.<br><br><strong>Zust\u00e4ndige Landestier\u00e4rztekammer:<\/strong><br>Landestier\u00e4rztekammer Niedersachsen<br>Fichtestra\u00dfe 13<br>30625 Hannover<br>Tel. 0511 65511820<br><a href=\"http:\/\/www.tknds.de\/\">http:\/\/www.tknds.de<\/a><br><br><strong>Berufsrechtliche Regelungen:<\/strong><br>Berufsordnung der Tier\u00e4rztekammer Niedersachsen<br><a href=\"http:\/\/www.tknds.de\/\">http:\/\/www.tknds.de<\/a><br><br><strong>Geb\u00fchrenordnung f\u00fcr Tier\u00e4rzte (GOT)<\/strong><br><a href=\"http:\/\/www.tieraerzteverband.de\/\">http:\/\/www.tieraerzteverband.de<\/a><\/td><td><strong>Haftungshinweis<\/strong><br><br><strong>Haftung f\u00fcr Inhalte<\/strong><br><br>Die Angaben auf dieser Website erfolgen zu Informationszwecken. Auch wenn die hier zur Verf\u00fcgung gestellten Informationen mit gro\u00dfer Sorgfalt erstellt bzw. sorgf\u00e4ltig gepr\u00fcft wurden, kann keine Garantie f\u00fcr die Richtigkeit, Vollst\u00e4ndigkeit und Aktualit\u00e4t der angegebenen Informationen \u00fcbernommen werden. Eine Haftung besteht daher nur, wenn nachweislich vors\u00e4tzlich oder grob fahrl\u00e4ssiges Verhalten vorliegt. Dies gilt insbesondere f\u00fcr Sch\u00e4den bei Datenverlust.<br><br><strong>Haftung f\u00fcr Links<\/strong><br><br>Trotz sorgf\u00e4ltiger inhaltlicher Kontrolle k\u00f6nnen wir keine Haftung f\u00fcr die Inhalte externer Links \u00fcbernehmen. F\u00fcr den Inhalt der verlinkten Seiten sind ausschlie\u00dflich deren Betreiber bzw. Anbieter verantwortlich.<br><br><strong>Urheberrecht<\/strong><br><br>Die durch die Seitenbetreiber&nbsp; auf dieser Website erstellten Inhalte und Werke unterliegen dem deutschen Urheberrecht. Downloads und Kopien dieser Seite sind nicht f\u00fcr den kommerziellen Gebrauch gestattet. Die Vervielf\u00e4ltigung, Bearbeitung, Verbreitung und jede Art der Verwertung au\u00dferhalb der Grenzen des Urheberrechtes bed\u00fcrfen der schriftlichen Zustimmung der Betreiber.<\/td><\/tr><\/tbody><\/table><\/figure>\n","protected":false},"excerpt":{"rendered":"<p>Impressum Tier\u00e4rztliche Gemeinschaftspraxis f\u00fcr Pferde Wedemark&nbsp;Lange Loh 1530900 Wedemark&nbsp;Fax: 04168 9198501&nbsp;E-Mail :&nbsp;info@pferdepraxis-wedemark.deInternet:&nbsp;www.pferdepraxis-wedemark.de&nbsp;USt-IdNr.: 16\/234\/64800&nbsp;Berufsbezeichnung:Tierarzt, Tier\u00e4rztinAlle Tier\u00e4rzte in Deutschland approbiert. Zust\u00e4ndige Landestier\u00e4rztekammer:Landestier\u00e4rztekammer NiedersachsenFichtestra\u00dfe 1330625 HannoverTel. 0511 65511820http:\/\/www.tknds.de Berufsrechtliche Regelungen:Berufsordnung der Tier\u00e4rztekammer Niedersachsenhttp:\/\/www.tknds.de Geb\u00fchrenordnung f\u00fcr Tier\u00e4rzte (GOT)http:\/\/www.tieraerzteverband.de Haftungshinweis Haftung f\u00fcr Inhalte Die Angaben auf dieser Website erfolgen zu Informationszwecken. Auch wenn die hier zur Verf\u00fcgung gestellten Informationen mit&hellip;&nbsp;<a href=\"https:\/\/www.pferdepraxis-wedemark.de\/index.php\/impressum\/\" rel=\"bookmark\">Weiterlesen &raquo;<span class=\"screen-reader-text\">Impressum<\/span><\/a><\/p>\n","protected":false},"author":1,"featured_media":0,"parent":0,"menu_order":0,"comment_status":"closed","ping_status":"closed","template":"","meta":{"neve_meta_sidebar":"full-width","neve_meta_container":"contained","neve_meta_enable_content_width":"off","neve_meta_content_width":0,"neve_meta_title_alignment":"","neve_meta_author_avatar":"","neve_post_elements_order":"","neve_meta_disable_header":"","neve_meta_disable_footer":"","neve_meta_disable_title":"","footnotes":""},"class_list":["post-69","page","type-page","status-publish","hentry"],"_links":{"self":[{"href":"https:\/\/www.pferdepraxis-wedemark.de\/index.php\/wp-json\/wp\/v2\/pages\/69","targetHints":{"allow":["GET"]}}],"collection":[{"href":"https:\/\/www.pferdepraxis-wedemark.de\/index.php\/wp-json\/wp\/v2\/pages"}],"about":[{"href":"https:\/\/www.pferdepraxis-wedemark.de\/index.php\/wp-json\/wp\/v2\/types\/page"}],"author":[{"embeddable":true,"href":"https:\/\/www.pferdepraxis-wedemark.de\/index.php\/wp-json\/wp\/v2\/users\/1"}],"replies":[{"embeddable":true,"href":"https:\/\/www.pferdepraxis-wedemark.de\/index.php\/wp-json\/wp\/v2\/comments?post=69"}],"version-history":[{"count":5,"href":"https:\/\/www.pferdepraxis-wedemark.de\/index.php\/wp-json\/wp\/v2\/pages\/69\/revisions"}],"predecessor-version":[{"id":228,"href":"https:\/\/www.pferdepraxis-wedemark.de\/index.php\/wp-json\/wp\/v2\/pages\/69\/revisions\/228"}],"wp:attachment":[{"href":"https:\/\/www.pferdepraxis-wedemark.de\/index.php\/wp-json\/wp\/v2\/media?parent=69"}],"curies":[{"name":"wp","href":"https:\/\/api.w.org\/{rel}","templated":true}]}}